{"id":2715,"date":"2020-10-16T15:33:49","date_gmt":"2020-10-16T15:33:49","guid":{"rendered":"https:\/\/honeygreen.com\/pharma-cosmetics-and-food-supplements\/"},"modified":"2021-01-19T15:21:34","modified_gmt":"2021-01-19T15:21:34","slug":"farma-cosmetica-y-suplementos-alimenticios","status":"publish","type":"page","link":"https:\/\/honeygreen.com\/es\/farma-cosmetica-y-suplementos-alimenticios\/","title":{"rendered":"Farma, Cosm\u00e9tica y Suplementos Alimenticios"},"content":{"rendered":"","protected":false},"excerpt":{"rendered":"","protected":false},"author":1,"featured_media":0,"parent":0,"menu_order":0,"comment_status":"closed","ping_status":"closed","template":"","meta":{"content-type":"","footnotes":""},"yoast_head":"<!-- This site is optimized with the Yoast SEO plugin v22.9 - https:\/\/yoast.com\/wordpress\/plugins\/seo\/ -->\n<title>Endulzantes naturales para Farma, Cosm\u00e9tica y Suplementos Alimenticios<\/title>\n<meta name=\"description\" content=\"Endulzantes naturales para industria farmac\u00e9utica, cosm\u00e9tica y suplementos alimenticios. Productos naturales de la m\u00e1s alta calidad.\" \/>\n<meta name=\"robots\" content=\"index, follow, max-snippet:-1, max-image-preview:large, max-video-preview:-1\" \/>\n<link rel=\"canonical\" href=\"https:\/\/honeygreen.com\/pharma-cosmetics-and-food-supplements\/\" \/>\n<meta property=\"og:locale\" content=\"es_ES\" \/>\n<meta property=\"og:type\" content=\"article\" \/>\n<meta property=\"og:title\" content=\"Endulzantes naturales para Farma, Cosm\u00e9tica y Suplementos Alimenticios\" \/>\n<meta property=\"og:description\" content=\"Endulzantes naturales para industria farmac\u00e9utica, cosm\u00e9tica y suplementos alimenticios. Productos naturales de la m\u00e1s alta calidad.\" \/>\n<meta property=\"og:url\" content=\"https:\/\/honeygreen.com\/pharma-cosmetics-and-food-supplements\/\" \/>\n<meta property=\"og:site_name\" content=\"HoneyGreen\" \/>\n<meta property=\"article:modified_time\" content=\"2021-01-19T15:21:34+00:00\" \/>\n<meta name=\"twitter:card\" content=\"summary_large_image\" \/>\n<script type=\"application\/ld+json\" class=\"yoast-schema-graph\">{\"@context\":\"https:\/\/schema.org\",\"@graph\":[{\"@type\":\"WebPage\",\"@id\":\"https:\/\/honeygreen.com\/pharma-cosmetics-and-food-supplements\/\",\"url\":\"https:\/\/honeygreen.com\/pharma-cosmetics-and-food-supplements\/\",\"name\":\"Endulzantes naturales para Farma, Cosm\u00e9tica y Suplementos Alimenticios\",\"isPartOf\":{\"@id\":\"https:\/\/honeygreen.com\/#website\"},\"datePublished\":\"2020-10-16T15:33:49+00:00\",\"dateModified\":\"2021-01-19T15:21:34+00:00\",\"description\":\"Endulzantes naturales para industria farmac\u00e9utica, cosm\u00e9tica y suplementos alimenticios. Productos naturales de la m\u00e1s alta calidad.\",\"breadcrumb\":{\"@id\":\"https:\/\/honeygreen.com\/pharma-cosmetics-and-food-supplements\/#breadcrumb\"},\"inLanguage\":\"es\",\"potentialAction\":[{\"@type\":\"ReadAction\",\"target\":[\"https:\/\/honeygreen.com\/pharma-cosmetics-and-food-supplements\/\"]}]},{\"@type\":\"BreadcrumbList\",\"@id\":\"https:\/\/honeygreen.com\/pharma-cosmetics-and-food-supplements\/#breadcrumb\",\"itemListElement\":[{\"@type\":\"ListItem\",\"position\":1,\"name\":\"Portada\",\"item\":\"https:\/\/honeygreen.com\/es\/\"},{\"@type\":\"ListItem\",\"position\":2,\"name\":\"Farma, Cosm\u00e9tica y Suplementos Alimenticios\"}]},{\"@type\":\"WebSite\",\"@id\":\"https:\/\/honeygreen.com\/#website\",\"url\":\"https:\/\/honeygreen.com\/\",\"name\":\"HoneyGreen\",\"description\":\"Take the natural step\",\"publisher\":{\"@id\":\"https:\/\/honeygreen.com\/#organization\"},\"potentialAction\":[{\"@type\":\"SearchAction\",\"target\":{\"@type\":\"EntryPoint\",\"urlTemplate\":\"https:\/\/honeygreen.com\/?s={search_term_string}\"},\"query-input\":\"required name=search_term_string\"}],\"inLanguage\":\"es\"},{\"@type\":\"Organization\",\"@id\":\"https:\/\/honeygreen.com\/#organization\",\"name\":\"HoneyGreen+\",\"url\":\"https:\/\/honeygreen.com\/\",\"logo\":{\"@type\":\"ImageObject\",\"inLanguage\":\"es\",\"@id\":\"https:\/\/honeygreen.com\/#\/schema\/logo\/image\/\",\"url\":\"https:\/\/honeygreen.com\/wp-content\/uploads\/2020\/10\/honeygreenlogo.png\",\"contentUrl\":\"https:\/\/honeygreen.com\/wp-content\/uploads\/2020\/10\/honeygreenlogo.png\",\"width\":500,\"height\":113,\"caption\":\"HoneyGreen+\"},\"image\":{\"@id\":\"https:\/\/honeygreen.com\/#\/schema\/logo\/image\/\"}}]}<\/script>\n<!-- \/ Yoast SEO plugin. -->","yoast_head_json":{"title":"Endulzantes naturales para Farma, Cosm\u00e9tica y Suplementos Alimenticios","description":"Endulzantes naturales para industria farmac\u00e9utica, cosm\u00e9tica y suplementos alimenticios. Productos naturales de la m\u00e1s alta calidad.","robots":{"index":"index","follow":"follow","max-snippet":"max-snippet:-1","max-image-preview":"max-image-preview:large","max-video-preview":"max-video-preview:-1"},"canonical":"https:\/\/honeygreen.com\/pharma-cosmetics-and-food-supplements\/","og_locale":"es_ES","og_type":"article","og_title":"Endulzantes naturales para Farma, Cosm\u00e9tica y Suplementos Alimenticios","og_description":"Endulzantes naturales para industria farmac\u00e9utica, cosm\u00e9tica y suplementos alimenticios. Productos naturales de la m\u00e1s alta calidad.","og_url":"https:\/\/honeygreen.com\/pharma-cosmetics-and-food-supplements\/","og_site_name":"HoneyGreen","article_modified_time":"2021-01-19T15:21:34+00:00","twitter_card":"summary_large_image","schema":{"@context":"https:\/\/schema.org","@graph":[{"@type":"WebPage","@id":"https:\/\/honeygreen.com\/pharma-cosmetics-and-food-supplements\/","url":"https:\/\/honeygreen.com\/pharma-cosmetics-and-food-supplements\/","name":"Endulzantes naturales para Farma, Cosm\u00e9tica y Suplementos Alimenticios","isPartOf":{"@id":"https:\/\/honeygreen.com\/#website"},"datePublished":"2020-10-16T15:33:49+00:00","dateModified":"2021-01-19T15:21:34+00:00","description":"Endulzantes naturales para industria farmac\u00e9utica, cosm\u00e9tica y suplementos alimenticios. Productos naturales de la m\u00e1s alta calidad.","breadcrumb":{"@id":"https:\/\/honeygreen.com\/pharma-cosmetics-and-food-supplements\/#breadcrumb"},"inLanguage":"es","potentialAction":[{"@type":"ReadAction","target":["https:\/\/honeygreen.com\/pharma-cosmetics-and-food-supplements\/"]}]},{"@type":"BreadcrumbList","@id":"https:\/\/honeygreen.com\/pharma-cosmetics-and-food-supplements\/#breadcrumb","itemListElement":[{"@type":"ListItem","position":1,"name":"Portada","item":"https:\/\/honeygreen.com\/es\/"},{"@type":"ListItem","position":2,"name":"Farma, Cosm\u00e9tica y Suplementos Alimenticios"}]},{"@type":"WebSite","@id":"https:\/\/honeygreen.com\/#website","url":"https:\/\/honeygreen.com\/","name":"HoneyGreen","description":"Take the natural step","publisher":{"@id":"https:\/\/honeygreen.com\/#organization"},"potentialAction":[{"@type":"SearchAction","target":{"@type":"EntryPoint","urlTemplate":"https:\/\/honeygreen.com\/?s={search_term_string}"},"query-input":"required name=search_term_string"}],"inLanguage":"es"},{"@type":"Organization","@id":"https:\/\/honeygreen.com\/#organization","name":"HoneyGreen+","url":"https:\/\/honeygreen.com\/","logo":{"@type":"ImageObject","inLanguage":"es","@id":"https:\/\/honeygreen.com\/#\/schema\/logo\/image\/","url":"https:\/\/honeygreen.com\/wp-content\/uploads\/2020\/10\/honeygreenlogo.png","contentUrl":"https:\/\/honeygreen.com\/wp-content\/uploads\/2020\/10\/honeygreenlogo.png","width":500,"height":113,"caption":"HoneyGreen+"},"image":{"@id":"https:\/\/honeygreen.com\/#\/schema\/logo\/image\/"}}]}},"_links":{"self":[{"href":"https:\/\/honeygreen.com\/es\/wp-json\/wp\/v2\/pages\/2715"}],"collection":[{"href":"https:\/\/honeygreen.com\/es\/wp-json\/wp\/v2\/pages"}],"about":[{"href":"https:\/\/honeygreen.com\/es\/wp-json\/wp\/v2\/types\/page"}],"author":[{"embeddable":true,"href":"https:\/\/honeygreen.com\/es\/wp-json\/wp\/v2\/users\/1"}],"replies":[{"embeddable":true,"href":"https:\/\/honeygreen.com\/es\/wp-json\/wp\/v2\/comments?post=2715"}],"version-history":[{"count":0,"href":"https:\/\/honeygreen.com\/es\/wp-json\/wp\/v2\/pages\/2715\/revisions"}],"wp:attachment":[{"href":"https:\/\/honeygreen.com\/es\/wp-json\/wp\/v2\/media?parent=2715"}],"curies":[{"name":"wp","href":"https:\/\/api.w.org\/{rel}","templated":true}]}}