{"id":2568,"date":"2020-10-12T07:42:06","date_gmt":"2020-10-12T07:42:06","guid":{"rendered":"https:\/\/honeygreen.com\/honeygreen\/"},"modified":"2026-04-15T10:18:03","modified_gmt":"2026-04-15T10:18:03","slug":"honeygreen","status":"publish","type":"page","link":"https:\/\/honeygreen.com\/es\/honeygreen\/","title":{"rendered":"Qui\u00e9nes somos"},"content":{"rendered":"","protected":false},"excerpt":{"rendered":"","protected":false},"author":1,"featured_media":0,"parent":0,"menu_order":0,"comment_status":"closed","ping_status":"closed","template":"","meta":{"content-type":"","footnotes":""},"yoast_head":"<!-- This site is optimized with the Yoast SEO plugin v22.9 - https:\/\/yoast.com\/wordpress\/plugins\/seo\/ -->\n<title>Endulzantes naturales para industria alimentaria, farmacol\u00f3gica y belleza.<\/title>\n<meta name=\"description\" content=\"Endulzantes naturales para la industria de la alimentaci\u00f3n, industria farmac\u00e9utica, industria cosm\u00e9tica y sector retail.\" \/>\n<meta name=\"robots\" content=\"index, follow, max-snippet:-1, max-image-preview:large, max-video-preview:-1\" \/>\n<link rel=\"canonical\" href=\"https:\/\/honeygreen.com\/es\/honeygreen\/\" \/>\n<meta property=\"og:locale\" content=\"es_ES\" \/>\n<meta property=\"og:type\" content=\"article\" \/>\n<meta property=\"og:title\" content=\"Endulzantes naturales para industria alimentaria, farmacol\u00f3gica y belleza.\" \/>\n<meta property=\"og:description\" content=\"Endulzantes naturales para la industria de la alimentaci\u00f3n, industria farmac\u00e9utica, industria cosm\u00e9tica y sector retail.\" \/>\n<meta property=\"og:url\" content=\"https:\/\/honeygreen.com\/es\/honeygreen\/\" \/>\n<meta property=\"og:site_name\" content=\"HoneyGreen\" \/>\n<meta property=\"article:modified_time\" content=\"2026-04-15T10:18:03+00:00\" \/>\n<meta name=\"twitter:card\" content=\"summary_large_image\" \/>\n<script type=\"application\/ld+json\" class=\"yoast-schema-graph\">{\"@context\":\"https:\/\/schema.org\",\"@graph\":[{\"@type\":\"WebPage\",\"@id\":\"https:\/\/honeygreen.com\/es\/honeygreen\/\",\"url\":\"https:\/\/honeygreen.com\/es\/honeygreen\/\",\"name\":\"Endulzantes naturales para industria alimentaria, farmacol\u00f3gica y belleza.\",\"isPartOf\":{\"@id\":\"https:\/\/honeygreen.com\/#website\"},\"datePublished\":\"2020-10-12T07:42:06+00:00\",\"dateModified\":\"2026-04-15T10:18:03+00:00\",\"description\":\"Endulzantes naturales para la industria de la alimentaci\u00f3n, industria farmac\u00e9utica, industria cosm\u00e9tica y sector retail.\",\"breadcrumb\":{\"@id\":\"https:\/\/honeygreen.com\/es\/honeygreen\/#breadcrumb\"},\"inLanguage\":\"es\",\"potentialAction\":[{\"@type\":\"ReadAction\",\"target\":[\"https:\/\/honeygreen.com\/es\/honeygreen\/\"]}]},{\"@type\":\"BreadcrumbList\",\"@id\":\"https:\/\/honeygreen.com\/es\/honeygreen\/#breadcrumb\",\"itemListElement\":[{\"@type\":\"ListItem\",\"position\":1,\"name\":\"Portada\",\"item\":\"https:\/\/honeygreen.com\/es\/\"},{\"@type\":\"ListItem\",\"position\":2,\"name\":\"Qui\u00e9nes somos\"}]},{\"@type\":\"WebSite\",\"@id\":\"https:\/\/honeygreen.com\/#website\",\"url\":\"https:\/\/honeygreen.com\/\",\"name\":\"HoneyGreen\",\"description\":\"Take the natural step\",\"publisher\":{\"@id\":\"https:\/\/honeygreen.com\/#organization\"},\"potentialAction\":[{\"@type\":\"SearchAction\",\"target\":{\"@type\":\"EntryPoint\",\"urlTemplate\":\"https:\/\/honeygreen.com\/?s={search_term_string}\"},\"query-input\":\"required name=search_term_string\"}],\"inLanguage\":\"es\"},{\"@type\":\"Organization\",\"@id\":\"https:\/\/honeygreen.com\/#organization\",\"name\":\"HoneyGreen+\",\"url\":\"https:\/\/honeygreen.com\/\",\"logo\":{\"@type\":\"ImageObject\",\"inLanguage\":\"es\",\"@id\":\"https:\/\/honeygreen.com\/#\/schema\/logo\/image\/\",\"url\":\"https:\/\/honeygreen.com\/wp-content\/uploads\/2020\/10\/honeygreenlogo.png\",\"contentUrl\":\"https:\/\/honeygreen.com\/wp-content\/uploads\/2020\/10\/honeygreenlogo.png\",\"width\":500,\"height\":113,\"caption\":\"HoneyGreen+\"},\"image\":{\"@id\":\"https:\/\/honeygreen.com\/#\/schema\/logo\/image\/\"}}]}<\/script>\n<!-- \/ Yoast SEO plugin. -->","yoast_head_json":{"title":"Endulzantes naturales para industria alimentaria, farmacol\u00f3gica y belleza.","description":"Endulzantes naturales para la industria de la alimentaci\u00f3n, industria farmac\u00e9utica, industria cosm\u00e9tica y sector retail.","robots":{"index":"index","follow":"follow","max-snippet":"max-snippet:-1","max-image-preview":"max-image-preview:large","max-video-preview":"max-video-preview:-1"},"canonical":"https:\/\/honeygreen.com\/es\/honeygreen\/","og_locale":"es_ES","og_type":"article","og_title":"Endulzantes naturales para industria alimentaria, farmacol\u00f3gica y belleza.","og_description":"Endulzantes naturales para la industria de la alimentaci\u00f3n, industria farmac\u00e9utica, industria cosm\u00e9tica y sector retail.","og_url":"https:\/\/honeygreen.com\/es\/honeygreen\/","og_site_name":"HoneyGreen","article_modified_time":"2026-04-15T10:18:03+00:00","twitter_card":"summary_large_image","schema":{"@context":"https:\/\/schema.org","@graph":[{"@type":"WebPage","@id":"https:\/\/honeygreen.com\/es\/honeygreen\/","url":"https:\/\/honeygreen.com\/es\/honeygreen\/","name":"Endulzantes naturales para industria alimentaria, farmacol\u00f3gica y belleza.","isPartOf":{"@id":"https:\/\/honeygreen.com\/#website"},"datePublished":"2020-10-12T07:42:06+00:00","dateModified":"2026-04-15T10:18:03+00:00","description":"Endulzantes naturales para la industria de la alimentaci\u00f3n, industria farmac\u00e9utica, industria cosm\u00e9tica y sector retail.","breadcrumb":{"@id":"https:\/\/honeygreen.com\/es\/honeygreen\/#breadcrumb"},"inLanguage":"es","potentialAction":[{"@type":"ReadAction","target":["https:\/\/honeygreen.com\/es\/honeygreen\/"]}]},{"@type":"BreadcrumbList","@id":"https:\/\/honeygreen.com\/es\/honeygreen\/#breadcrumb","itemListElement":[{"@type":"ListItem","position":1,"name":"Portada","item":"https:\/\/honeygreen.com\/es\/"},{"@type":"ListItem","position":2,"name":"Qui\u00e9nes somos"}]},{"@type":"WebSite","@id":"https:\/\/honeygreen.com\/#website","url":"https:\/\/honeygreen.com\/","name":"HoneyGreen","description":"Take the natural step","publisher":{"@id":"https:\/\/honeygreen.com\/#organization"},"potentialAction":[{"@type":"SearchAction","target":{"@type":"EntryPoint","urlTemplate":"https:\/\/honeygreen.com\/?s={search_term_string}"},"query-input":"required name=search_term_string"}],"inLanguage":"es"},{"@type":"Organization","@id":"https:\/\/honeygreen.com\/#organization","name":"HoneyGreen+","url":"https:\/\/honeygreen.com\/","logo":{"@type":"ImageObject","inLanguage":"es","@id":"https:\/\/honeygreen.com\/#\/schema\/logo\/image\/","url":"https:\/\/honeygreen.com\/wp-content\/uploads\/2020\/10\/honeygreenlogo.png","contentUrl":"https:\/\/honeygreen.com\/wp-content\/uploads\/2020\/10\/honeygreenlogo.png","width":500,"height":113,"caption":"HoneyGreen+"},"image":{"@id":"https:\/\/honeygreen.com\/#\/schema\/logo\/image\/"}}]}},"_links":{"self":[{"href":"https:\/\/honeygreen.com\/es\/wp-json\/wp\/v2\/pages\/2568"}],"collection":[{"href":"https:\/\/honeygreen.com\/es\/wp-json\/wp\/v2\/pages"}],"about":[{"href":"https:\/\/honeygreen.com\/es\/wp-json\/wp\/v2\/types\/page"}],"author":[{"embeddable":true,"href":"https:\/\/honeygreen.com\/es\/wp-json\/wp\/v2\/users\/1"}],"replies":[{"embeddable":true,"href":"https:\/\/honeygreen.com\/es\/wp-json\/wp\/v2\/comments?post=2568"}],"version-history":[{"count":5,"href":"https:\/\/honeygreen.com\/es\/wp-json\/wp\/v2\/pages\/2568\/revisions"}],"predecessor-version":[{"id":6074,"href":"https:\/\/honeygreen.com\/es\/wp-json\/wp\/v2\/pages\/2568\/revisions\/6074"}],"wp:attachment":[{"href":"https:\/\/honeygreen.com\/es\/wp-json\/wp\/v2\/media?parent=2568"}],"curies":[{"name":"wp","href":"https:\/\/api.w.org\/{rel}","templated":true}]}}